{"id":8201,"date":"2020-07-22T15:17:59","date_gmt":"2020-07-22T15:17:59","guid":{"rendered":"https:\/\/cerramientoscandela.com\/?page_id=8201"},"modified":"2023-02-14T11:07:05","modified_gmt":"2023-02-14T11:07:05","slug":"cookies-policy","status":"publish","type":"page","link":"https:\/\/cerramientoscandela.com\/en\/cookies-policy\/","title":{"rendered":"Cookies Policy"},"content":{"rendered":"\t\t<div data-elementor-type=\"wp-page\" data-elementor-id=\"8201\" class=\"elementor elementor-8201 elementor-4275\" data-elementor-post-type=\"page\">\n\t\t\t\t\t\t<section class=\"elementor-section elementor-top-section elementor-element elementor-element-55c42bc elementor-section-stretched elementor-section-boxed elementor-section-height-default elementor-section-height-default\" data-id=\"55c42bc\" data-element_type=\"section\" data-settings=\"{&quot;stretch_section&quot;:&quot;section-stretched&quot;,&quot;background_background&quot;:&quot;classic&quot;}\">\n\t\t\t\t\t\t<div class=\"elementor-container elementor-column-gap-default\">\n\t\t\t\t\t<div class=\"elementor-column elementor-col-100 elementor-top-column elementor-element elementor-element-3bab717\" data-id=\"3bab717\" data-element_type=\"column\" data-settings=\"{&quot;background_background&quot;:&quot;classic&quot;}\">\n\t\t\t<div class=\"elementor-widget-wrap elementor-element-populated\">\n\t\t\t\t\t\t<div class=\"elementor-element elementor-element-36319ab elementor-widget elementor-widget-heading\" data-id=\"36319ab\" data-element_type=\"widget\" data-widget_type=\"heading.default\">\n\t\t\t\t<div class=\"elementor-widget-container\">\n\t\t\t\t\t<span class=\"elementor-heading-title elementor-size-default\">Pol\u00edtica de Cookies<\/span>\t\t\t\t<\/div>\n\t\t\t\t<\/div>\n\t\t\t\t\t<\/div>\n\t\t<\/div>\n\t\t\t\t\t<\/div>\n\t\t<\/section>\n\t\t\t\t<section class=\"elementor-section elementor-top-section elementor-element elementor-element-238e47d elementor-section-stretched elementor-section-boxed elementor-section-height-default elementor-section-height-default\" data-id=\"238e47d\" data-element_type=\"section\" data-settings=\"{&quot;stretch_section&quot;:&quot;section-stretched&quot;}\">\n\t\t\t\t\t\t<div class=\"elementor-container elementor-column-gap-default\">\n\t\t\t\t\t<div class=\"elementor-column elementor-col-100 elementor-top-column elementor-element elementor-element-51adf51\" data-id=\"51adf51\" data-element_type=\"column\">\n\t\t\t<div class=\"elementor-widget-wrap elementor-element-populated\">\n\t\t\t\t\t\t<div class=\"elementor-element elementor-element-e085330 elementor-widget elementor-widget-text-editor\" data-id=\"e085330\" data-element_type=\"widget\" data-settings=\"{&quot;_animation&quot;:&quot;none&quot;}\" data-widget_type=\"text-editor.default\">\n\t\t\t\t<div class=\"elementor-widget-container\">\n\t\t\t\t\t\t\t\t\t<p>En cerramientoscandela.com se usan cookies con el fin de prestar un mejor servicio y asegurar al usuario una mejor experiencia de navegaci\u00f3n. Informamos aqu\u00ed claramente sobre las cookies que se utilizan en el sitio web, detallando a continuaci\u00f3n, que es una cookie, para que sirve, que tipos de cookies se ulitizan, cuales son su finalidad y como es posible configurarlas o deshabilitarlas seg\u00fan tu navegador.<\/p><p><strong>\u00bfQu\u00e9 es una cookie y para qu\u00e9 sirve?<\/strong><\/p><p>Una \u00abCookie\u00bb es un peque\u00f1o archivo que se almacena en el equipo que el usuario est\u00e1 utilizando (ordenador, tablet, smartphone o cualquier otro dispositivo) con informaci\u00f3n sobre la navegaci\u00f3n.<\/p><p>El conjunto de \u00abcookies\u00bb de todos los usuarios de nuestra web, nos ayuda a mejorar la calidad de la misma, y nos permite saber qu\u00e9 p\u00e1ginas les resultan \u00fatiles, cu\u00e1les no y cu\u00e1les tienen margen de mejora.<br \/>En ning\u00fan caso las cookies podr\u00edan da\u00f1ar tu equipo, m\u00e1s bien todo lo contrario, si est\u00e1n activas podemos identificar y resolver los posibles errores.<\/p><p><strong>\u00bfQu\u00e9 tipos de cookies se utilizan en cerramientoscandela.com?<\/strong><\/p><p><strong>Seg\u00fan la entidad que la gestiona:<\/strong><\/p><p>Cookies propias: Son aquellas que se env\u00edan a tu equipo desde nuestros propios equipos o dominios y desde el que prestamos el servicio que nos solicitas.<\/p><p>Cookies de terceros: Son aquellas que se env\u00edan a tu equipo desde un equipo o dominio que no es gestionado por nosotros, sino por otra entidad colaboradora. Como por ejemplo, las usadas por redes sociales, o por contenido externo como Google Maps.<\/p><p><strong>Seg\u00fan el plazo de tiempo que permanecen activadas:<\/strong><\/p><p>Cookies de sesi\u00f3n: Son cookies temporales que permanecen en el archivo de cookies de tu navegador hasta que abandonas la p\u00e1gina web, por lo que ninguna queda registrada en el disco duro de tu ordenador. La informaci\u00f3n obtenida por medio de estas cookies, sirven para analizar pautas de tr\u00e1fico en la web. A la larga, esto nos permite proporcionar una mejor experiencia para mejorar el contenido y facilitar su uso.<\/p><p>Cookies persistentes: son almacenadas en el disco duro y nuestra web las lee cada vez que realizas una nueva visita. Una web permanente posee una fecha de expiraci\u00f3n determinada. La cookie dejar\u00e1 de funcionar despu\u00e9s de esa fecha. Estas cookies las utilizamos, generalmente, para facilitar los servicios de compra y registro.<\/p><p><strong>Seg\u00fan su finalidad:<\/strong><\/p><p>Cookies t\u00e9cnicas: Son aquellas necesarias para la navegaci\u00f3n y el buen funcionamiento de nuestra p\u00e1gina web. Permiten por ejemplo, controlar el tr\u00e1fico y la comunicaci\u00f3n de datos, acceder a partes de acceso restringido, realizar el proceso de compra de un pedido, utilizar elementos de seguridad, almacenar contenidos para poder difundir v\u00eddeos o compartir contenidos a trav\u00e9s de redes sociales.<\/p><p>Cookies de personalizaci\u00f3n: Son aqu\u00e9llas que te permiten acceder al servicio con unas caracter\u00edsticas predefinidas en funci\u00f3n de una serie de criterios, como por ejemplo el idioma, el tipo de navegador a trav\u00e9s del cual se accede al servicio, la configuraci\u00f3n regional desde donde se accede al servicio, etc.<\/p><p>Cookies de an\u00e1lisis: Son aqu\u00e9llas que nos permiten cuantificar el n\u00famero de usuarios y as\u00ed realizar la medici\u00f3n y an\u00e1lisis estad\u00edstico de la utilizaci\u00f3n que hacen los usuarios de los servicios prestados.<\/p><p>Para ello se analiza su navegaci\u00f3n en nuestra p\u00e1gina web con el fin de mejorar la oferta de productos y servicios que ofrecemos.<\/p><p>Cookies publicitarias: Son aqu\u00e9llas que permiten la gesti\u00f3n, de la forma m\u00e1s eficaz posible, de los espacios publicitarios que se pudieran incluir en nuestra p\u00e1gina web.<\/p><p>Cookies de publicidad comportamental: Estas cookies almacenan informaci\u00f3n del comportamiento de los usuarios obtenida a trav\u00e9s de la observaci\u00f3n continuada. Gracias a ellas, podemos conocer los h\u00e1bitos de navegaci\u00f3n en internet y mostrarte publicidad relacionada con tu perfil de navegaci\u00f3n.<\/p><p><strong>\u00bfC\u00f3mo puedes configurar o deshabilitar tus cookies?<\/strong><\/p><p>Es posible permitir, bloquear o eliminar las cookies instaladas en tus equipos mediante la configuraci\u00f3n de las opciones del navegador de Internet que uses habitualmente. Si no permites la instalaci\u00f3n de cookies en tu navegador puede que no puedas acceder a algunos de los servicios o que tu experiencia en nuestra web resulte menos satisfactoria.<\/p><p><strong>Para configurar o deshabilitar tus cookies en cada navegador, consulta los siguientes enlaces:<\/strong><\/p><p><a href=\"https:\/\/support.google.com\/chrome\/answer\/95647?hl=es\">Google Chrome<\/a><br \/><a href=\"https:\/\/support.mozilla.org\/es\/kb\/habilitar-y-deshabilitar-cookies-sitios-web-rastrear-preferencias?redirectslug=habilitar-y-deshabilitar-cookies-que-los-sitios-we&amp;redirectlocale=es\">Mozilla Firefox<\/a><br \/><a href=\"https:\/\/support.microsoft.com\/es-es\/help\/17442\/windows-internet-explorer-delete-manage-cookies\">Internet Explorer<\/a><br \/><a href=\"https:\/\/support.apple.com\/es-es\/guide\/safari\/sfri11471\/mac\">Safari<\/a><br \/><a href=\"https:\/\/support.apple.com\/es-es\/HT201265\">Safari para IOS (iPhone y iPad)<\/a><br \/><a href=\"https:\/\/support.google.com\/chrome\/answer\/114662?hl=es&amp;visit_id=637310287073593955-3681266986&amp;rd=1\">Chrome para Android<\/a><\/p><p><strong>Consentimiento<\/strong><\/p><p>En cerramientoscandela.com nunca guardamos los datos personales de nuestros usuarios, a excepci\u00f3n de la direcci\u00f3n IP de acuerdo a lo descrito anteriormente, excepto si quieres registrarte para recibir informaci\u00f3n de la empresa, promociones o contenidos interesantes.<br \/>Si una vez accedas a nuestra web, contin\u00faas navegand en ella, est\u00e1s indicando que est\u00e1s consintiendo el uso de las cookies que hemos comentado y en las condiciones detalladas en la presente Pol\u00edtica de Cookies.<\/p>\t\t\t\t\t\t\t\t<\/div>\n\t\t\t\t<\/div>\n\t\t\t\t\t<\/div>\n\t\t<\/div>\n\t\t\t\t\t<\/div>\n\t\t<\/section>\n\t\t\t\t<\/div>\n\t\t","protected":false},"excerpt":{"rendered":"<p>At cerramientoscandela.com cookies are used in order to provide the best service possible and make sure that the user has a better browsing experience. The following information provides a clear overview of the cookies that are used in the website, what a cookie is, what it is used for, what type of cookies are used, [&hellip;]<\/p>\n","protected":false},"author":2,"featured_media":0,"parent":0,"menu_order":0,"comment_status":"closed","ping_status":"closed","template":"elementor_header_footer","meta":{"inline_featured_image":false,"site-sidebar-layout":"default","site-content-layout":"","ast-site-content-layout":"default","site-content-style":"default","site-sidebar-style":"default","ast-global-header-display":"","ast-banner-title-visibility":"","ast-main-header-display":"","ast-hfb-above-header-display":"","ast-hfb-below-header-display":"","ast-hfb-mobile-header-display":"","site-post-title":"","ast-breadcrumbs-content":"","ast-featured-img":"","footer-sml-layout":"","ast-disable-related-posts":"","theme-transparent-header-meta":"","adv-header-id-meta":"","stick-header-meta":"","header-above-stick-meta":"","header-main-stick-meta":"","header-below-stick-meta":"","astra-migrate-meta-layouts":"default","ast-page-background-enabled":"default","ast-page-background-meta":{"desktop":{"background-color":"","background-image":"","background-repeat":"repeat","background-position":"center center","background-size":"auto","background-attachment":"scroll","background-type":"","background-media":"","overlay-type":"","overlay-color":"","overlay-opacity":"","overlay-gradient":""},"tablet":{"background-color":"","background-image":"","background-repeat":"repeat","background-position":"center center","background-size":"auto","background-attachment":"scroll","background-type":"","background-media":"","overlay-type":"","overlay-color":"","overlay-opacity":"","overlay-gradient":""},"mobile":{"background-color":"","background-image":"","background-repeat":"repeat","background-position":"center center","background-size":"auto","background-attachment":"scroll","background-type":"","background-media":"","overlay-type":"","overlay-color":"","overlay-opacity":"","overlay-gradient":""}},"ast-content-background-meta":{"desktop":{"background-color":"var(--ast-global-color-5)","background-image":"","background-repeat":"repeat","background-position":"center center","background-size":"auto","background-attachment":"scroll","background-type":"","background-media":"","overlay-type":"","overlay-color":"","overlay-opacity":"","overlay-gradient":""},"tablet":{"background-color":"var(--ast-global-color-5)","background-image":"","background-repeat":"repeat","background-position":"center center","background-size":"auto","background-attachment":"scroll","background-type":"","background-media":"","overlay-type":"","overlay-color":"","overlay-opacity":"","overlay-gradient":""},"mobile":{"background-color":"var(--ast-global-color-5)","background-image":"","background-repeat":"repeat","background-position":"center center","background-size":"auto","background-attachment":"scroll","background-type":"","background-media":"","overlay-type":"","overlay-color":"","overlay-opacity":"","overlay-gradient":""}},"_joinchat":[],"footnotes":""},"class_list":["post-8201","page","type-page","status-publish","hentry"],"yoast_head":"<!-- This site is optimized with the Yoast SEO Premium plugin v26.8 (Yoast SEO v26.8) - https:\/\/yoast.com\/product\/yoast-seo-premium-wordpress\/ -->\n<title>Cookies Policy - Cerramientos Candela<\/title>\n<meta name=\"robots\" content=\"noindex, follow\" \/>\n<meta property=\"og:locale\" content=\"en_US\" \/>\n<meta property=\"og:type\" content=\"article\" \/>\n<meta property=\"og:title\" content=\"Cookies Policy\" \/>\n<meta property=\"og:description\" content=\"At cerramientoscandela.com cookies are used in order to provide the best service possible and make sure that the user has a better browsing experience. The following information provides a clear overview of the cookies that are used in the website, what a cookie is, what it is used for, what type of cookies are used, [&hellip;]\" \/>\n<meta property=\"og:url\" content=\"https:\/\/cerramientoscandela.com\/en\/cookies-policy\/\" \/>\n<meta property=\"og:site_name\" content=\"Cerramientos Candela\" \/>\n<meta property=\"article:publisher\" content=\"https:\/\/es-es.facebook.com\/cerramientoscandela\/\" \/>\n<meta property=\"article:modified_time\" content=\"2023-02-14T11:07:05+00:00\" \/>\n<meta property=\"og:image\" content=\"https:\/\/cerramientoscandela.com\/wp-content\/uploads\/menu_cortinas_cristal_correderas-1.jpg\" \/>\n\t<meta property=\"og:image:width\" content=\"500\" \/>\n\t<meta property=\"og:image:height\" content=\"400\" \/>\n\t<meta property=\"og:image:type\" content=\"image\/jpeg\" \/>\n<meta name=\"twitter:card\" content=\"summary_large_image\" \/>\n<meta name=\"twitter:site\" content=\"@cerracandela\" \/>\n<meta name=\"twitter:label1\" content=\"Est. reading time\" \/>\n\t<meta name=\"twitter:data1\" content=\"4 minutes\" \/>\n<script type=\"application\/ld+json\" class=\"yoast-schema-graph\">{\"@context\":\"https:\/\/schema.org\",\"@graph\":[{\"@type\":\"WebPage\",\"@id\":\"https:\/\/cerramientoscandela.com\/en\/cookies-policy\/\",\"url\":\"https:\/\/cerramientoscandela.com\/en\/cookies-policy\/\",\"name\":\"Cookies Policy - Cerramientos Candela\",\"isPartOf\":{\"@id\":\"https:\/\/cerramientoscandela.com\/en\/#website\"},\"datePublished\":\"2020-07-22T15:17:59+00:00\",\"dateModified\":\"2023-02-14T11:07:05+00:00\",\"breadcrumb\":{\"@id\":\"https:\/\/cerramientoscandela.com\/en\/cookies-policy\/#breadcrumb\"},\"inLanguage\":\"en-US\",\"potentialAction\":[{\"@type\":\"ReadAction\",\"target\":[\"https:\/\/cerramientoscandela.com\/en\/cookies-policy\/\"]}]},{\"@type\":\"BreadcrumbList\",\"@id\":\"https:\/\/cerramientoscandela.com\/en\/cookies-policy\/#breadcrumb\",\"itemListElement\":[{\"@type\":\"ListItem\",\"position\":1,\"name\":\"Portada\",\"item\":\"https:\/\/cerramientoscandela.com\/en\/\"},{\"@type\":\"ListItem\",\"position\":2,\"name\":\"Cookies Policy\"}]},{\"@type\":\"WebSite\",\"@id\":\"https:\/\/cerramientoscandela.com\/en\/#website\",\"url\":\"https:\/\/cerramientoscandela.com\/en\/\",\"name\":\"Cerramientos Candela\",\"description\":\"Cerramientos, Ventanas, Toldos, Techos y Carpinter\u00eda Met\u00e1lica..\",\"publisher\":{\"@id\":\"https:\/\/cerramientoscandela.com\/en\/#organization\"},\"potentialAction\":[{\"@type\":\"SearchAction\",\"target\":{\"@type\":\"EntryPoint\",\"urlTemplate\":\"https:\/\/cerramientoscandela.com\/en\/?s={search_term_string}\"},\"query-input\":{\"@type\":\"PropertyValueSpecification\",\"valueRequired\":true,\"valueName\":\"search_term_string\"}}],\"inLanguage\":\"en-US\"},{\"@type\":[\"Organization\",\"Place\",\"LocalBusiness\"],\"@id\":\"https:\/\/cerramientoscandela.com\/en\/#organization\",\"name\":\"Cerramientos Candela\",\"url\":\"https:\/\/cerramientoscandela.com\/en\/\",\"logo\":{\"@id\":\"https:\/\/cerramientoscandela.com\/en\/cookies-policy\/#local-main-organization-logo\"},\"image\":{\"@id\":\"https:\/\/cerramientoscandela.com\/en\/cookies-policy\/#local-main-organization-logo\"},\"sameAs\":[\"https:\/\/es-es.facebook.com\/cerramientoscandela\/\",\"https:\/\/x.com\/cerracandela\",\"https:\/\/www.instagram.com\/cerramientoscandela\/\",\"https:\/\/www.linkedin.com\/in\/cerramientos-candela-aa6853200\",\"https:\/\/www.pinterest.es\/cerramientoscandela\/\",\"https:\/\/www.youtube.com\/channel\/UCXFxmpcfxAP6LU65jfzy6ww\"],\"address\":{\"@id\":\"https:\/\/cerramientoscandela.com\/en\/cookies-policy\/#local-main-place-address\"},\"geo\":{\"@type\":\"GeoCoordinates\",\"latitude\":\"38.2640335\",\"longitude\":\"-0.809058\"},\"telephone\":[\"966615370\"],\"openingHoursSpecification\":[{\"@type\":\"OpeningHoursSpecification\",\"dayOfWeek\":[\"Monday\",\"Tuesday\",\"Wednesday\",\"Thursday\"],\"opens\":\"08:00\",\"closes\":\"19:00\"},{\"@type\":\"OpeningHoursSpecification\",\"dayOfWeek\":[\"Friday\"],\"opens\":\"08:00\",\"closes\":\"14:00\"},{\"@type\":\"OpeningHoursSpecification\",\"dayOfWeek\":[\"Saturday\",\"Sunday\"],\"opens\":\"00:00\",\"closes\":\"00:00\"}],\"email\":\"candela@cerramientoscandela.com\",\"vatID\":\"B53863569\",\"taxID\":\"B53863569\",\"priceRange\":\"$$\",\"currenciesAccepted\":\"EUR\"},{\"@type\":\"PostalAddress\",\"@id\":\"https:\/\/cerramientoscandela.com\/en\/cookies-policy\/#local-main-place-address\",\"streetAddress\":\"Partida Altabix, 55\",\"addressLocality\":\"Elx\",\"postalCode\":\"03207\",\"addressRegion\":\"Alicante\",\"addressCountry\":\"ES\"},{\"@type\":\"ImageObject\",\"inLanguage\":\"en-US\",\"@id\":\"https:\/\/cerramientoscandela.com\/en\/cookies-policy\/#local-main-organization-logo\",\"url\":\"https:\/\/cerramientoscandela.com\/wp-content\/uploads\/2020\/03\/logo-cerramientos-candela-2x.png\",\"contentUrl\":\"https:\/\/cerramientoscandela.com\/wp-content\/uploads\/2020\/03\/logo-cerramientos-candela-2x.png\",\"width\":560,\"height\":150,\"caption\":\"Cerramientos Candela\"}]}<\/script>\n<meta name=\"geo.placename\" content=\"Elx\" \/>\n<meta name=\"geo.position\" content=\"38.2640335;-0.809058\" \/>\n<meta name=\"geo.region\" content=\"Spain\" \/>\n<!-- \/ Yoast SEO Premium plugin. -->","yoast_head_json":{"title":"Cookies Policy - Cerramientos Candela","robots":{"index":"noindex","follow":"follow"},"og_locale":"en_US","og_type":"article","og_title":"Cookies Policy","og_description":"At cerramientoscandela.com cookies are used in order to provide the best service possible and make sure that the user has a better browsing experience. The following information provides a clear overview of the cookies that are used in the website, what a cookie is, what it is used for, what type of cookies are used, [&hellip;]","og_url":"https:\/\/cerramientoscandela.com\/en\/cookies-policy\/","og_site_name":"Cerramientos Candela","article_publisher":"https:\/\/es-es.facebook.com\/cerramientoscandela\/","article_modified_time":"2023-02-14T11:07:05+00:00","og_image":[{"width":500,"height":400,"url":"https:\/\/cerramientoscandela.com\/wp-content\/uploads\/menu_cortinas_cristal_correderas-1.jpg","type":"image\/jpeg"}],"twitter_card":"summary_large_image","twitter_site":"@cerracandela","twitter_misc":{"Est. reading time":"4 minutes"},"schema":{"@context":"https:\/\/schema.org","@graph":[{"@type":"WebPage","@id":"https:\/\/cerramientoscandela.com\/en\/cookies-policy\/","url":"https:\/\/cerramientoscandela.com\/en\/cookies-policy\/","name":"Cookies Policy - Cerramientos Candela","isPartOf":{"@id":"https:\/\/cerramientoscandela.com\/en\/#website"},"datePublished":"2020-07-22T15:17:59+00:00","dateModified":"2023-02-14T11:07:05+00:00","breadcrumb":{"@id":"https:\/\/cerramientoscandela.com\/en\/cookies-policy\/#breadcrumb"},"inLanguage":"en-US","potentialAction":[{"@type":"ReadAction","target":["https:\/\/cerramientoscandela.com\/en\/cookies-policy\/"]}]},{"@type":"BreadcrumbList","@id":"https:\/\/cerramientoscandela.com\/en\/cookies-policy\/#breadcrumb","itemListElement":[{"@type":"ListItem","position":1,"name":"Portada","item":"https:\/\/cerramientoscandela.com\/en\/"},{"@type":"ListItem","position":2,"name":"Cookies Policy"}]},{"@type":"WebSite","@id":"https:\/\/cerramientoscandela.com\/en\/#website","url":"https:\/\/cerramientoscandela.com\/en\/","name":"Cerramientos Candela","description":"Cerramientos, Ventanas, Toldos, Techos y Carpinter\u00eda Met\u00e1lica..","publisher":{"@id":"https:\/\/cerramientoscandela.com\/en\/#organization"},"potentialAction":[{"@type":"SearchAction","target":{"@type":"EntryPoint","urlTemplate":"https:\/\/cerramientoscandela.com\/en\/?s={search_term_string}"},"query-input":{"@type":"PropertyValueSpecification","valueRequired":true,"valueName":"search_term_string"}}],"inLanguage":"en-US"},{"@type":["Organization","Place","LocalBusiness"],"@id":"https:\/\/cerramientoscandela.com\/en\/#organization","name":"Cerramientos Candela","url":"https:\/\/cerramientoscandela.com\/en\/","logo":{"@id":"https:\/\/cerramientoscandela.com\/en\/cookies-policy\/#local-main-organization-logo"},"image":{"@id":"https:\/\/cerramientoscandela.com\/en\/cookies-policy\/#local-main-organization-logo"},"sameAs":["https:\/\/es-es.facebook.com\/cerramientoscandela\/","https:\/\/x.com\/cerracandela","https:\/\/www.instagram.com\/cerramientoscandela\/","https:\/\/www.linkedin.com\/in\/cerramientos-candela-aa6853200","https:\/\/www.pinterest.es\/cerramientoscandela\/","https:\/\/www.youtube.com\/channel\/UCXFxmpcfxAP6LU65jfzy6ww"],"address":{"@id":"https:\/\/cerramientoscandela.com\/en\/cookies-policy\/#local-main-place-address"},"geo":{"@type":"GeoCoordinates","latitude":"38.2640335","longitude":"-0.809058"},"telephone":["966615370","966615370"],"openingHoursSpecification":[{"@type":"OpeningHoursSpecification","dayOfWeek":["Monday","Tuesday","Wednesday","Thursday"],"opens":"08:00","closes":"19:00"},{"@type":"OpeningHoursSpecification","dayOfWeek":["Friday"],"opens":"08:00","closes":"14:00"},{"@type":"OpeningHoursSpecification","dayOfWeek":["Saturday","Sunday"],"opens":"00:00","closes":"00:00"}],"email":"candela@cerramientoscandela.com","vatID":"B53863569","taxID":"B53863569","priceRange":"$$","currenciesAccepted":"EUR"},{"@type":"PostalAddress","@id":"https:\/\/cerramientoscandela.com\/en\/cookies-policy\/#local-main-place-address","streetAddress":"Partida Altabix, 55","addressLocality":"Elx","postalCode":"03207","addressRegion":"Alicante","addressCountry":"ES"},{"@type":"ImageObject","inLanguage":"en-US","@id":"https:\/\/cerramientoscandela.com\/en\/cookies-policy\/#local-main-organization-logo","url":"https:\/\/cerramientoscandela.com\/wp-content\/uploads\/2020\/03\/logo-cerramientos-candela-2x.png","contentUrl":"https:\/\/cerramientoscandela.com\/wp-content\/uploads\/2020\/03\/logo-cerramientos-candela-2x.png","width":560,"height":150,"caption":"Cerramientos Candela"}]},"geo.placename":"Elx","geo.position":{"lat":"38.2640335","long":"-0.809058"},"geo.region":"Spain"},"_links":{"self":[{"href":"https:\/\/cerramientoscandela.com\/en\/wp-json\/wp\/v2\/pages\/8201","targetHints":{"allow":["GET"]}}],"collection":[{"href":"https:\/\/cerramientoscandela.com\/en\/wp-json\/wp\/v2\/pages"}],"about":[{"href":"https:\/\/cerramientoscandela.com\/en\/wp-json\/wp\/v2\/types\/page"}],"author":[{"embeddable":true,"href":"https:\/\/cerramientoscandela.com\/en\/wp-json\/wp\/v2\/users\/2"}],"replies":[{"embeddable":true,"href":"https:\/\/cerramientoscandela.com\/en\/wp-json\/wp\/v2\/comments?post=8201"}],"version-history":[{"count":0,"href":"https:\/\/cerramientoscandela.com\/en\/wp-json\/wp\/v2\/pages\/8201\/revisions"}],"wp:attachment":[{"href":"https:\/\/cerramientoscandela.com\/en\/wp-json\/wp\/v2\/media?parent=8201"}],"curies":[{"name":"wp","href":"https:\/\/api.w.org\/{rel}","templated":true}]}}